{"id":4579,"date":"2024-12-23T20:47:34","date_gmt":"2024-12-23T19:47:34","guid":{"rendered":"https:\/\/www.susanneayoub.at\/en\/?page_id=4579"},"modified":"2024-12-29T12:18:08","modified_gmt":"2024-12-29T11:18:08","slug":"elsa-und-joy-die-liebe-einer-grosskatze-zu-einer-menschenfrau-ein-hoerstueck","status":"publish","type":"page","link":"https:\/\/www.susanneayoub.at\/en\/elsa-und-joy-die-liebe-einer-grosskatze-zu-einer-menschenfrau-ein-hoerstueck\/","title":{"rendered":"ELSA UND JOY &#8211; Die Liebe einer Gro\u00dfkatze zu einer Menschenfrau. Ein H\u00f6rst\u00fcck"},"content":{"rendered":"<figure style=\"width: 234px\"  class=\"wp-caption alignright\"><img loading=\"lazy\" decoding=\"async\" class=\"wp-image-4592\" src=\"https:\/\/www.susanneayoub.at\/wp-content\/uploads\/2024\/12\/Fifi-als-junges-Maedchen-1024x847.jpeg\" alt=\"\" width=\"234\" height=\"194\" srcset=\"https:\/\/www.susanneayoub.at\/wp-content\/uploads\/2024\/12\/Fifi-als-junges-Maedchen-1024x847.jpeg 1024w, https:\/\/www.susanneayoub.at\/wp-content\/uploads\/2024\/12\/Fifi-als-junges-Maedchen-250x207.jpeg 250w, https:\/\/www.susanneayoub.at\/wp-content\/uploads\/2024\/12\/Fifi-als-junges-Maedchen-1536x1270.jpeg 1536w, https:\/\/www.susanneayoub.at\/wp-content\/uploads\/2024\/12\/Fifi-als-junges-Maedchen-1200x992.jpeg 1200w, https:\/\/www.susanneayoub.at\/wp-content\/uploads\/2024\/12\/Fifi-als-junges-Maedchen.jpeg 1820w\" sizes=\"auto, (max-width: 234px) 85vw, 234px\" \/><figcaption class=\"wp-caption-text\">Fifi als junges M\u00e4dchen in Wien<\/figcaption><\/figure>\n<p style=\"text-align: left;\"><img loading=\"lazy\" decoding=\"async\" class=\"alignnone wp-image-4594\" src=\"https:\/\/www.susanneayoub.at\/wp-content\/uploads\/2024\/12\/oe1-logo.png\" alt=\"\" width=\"102\" height=\"96\" \/><br \/>\n\u00d61 &#8211; H\u00f6rbilder Spezial<br \/>\n25. Dezember 2024<br \/>\n10:05 Uhr <span style=\"color: #ff0000;\">+ 30 Tage zum Nachh\u00f6ren:<\/span><br \/>\n<a href=\"https:\/\/oe1.orf.at\/programm\/20241225\/779808\/Elsa-und-Joy-Die-Liebe-einer-Grosskatze-zu-einer-Menschenfrau\">https:\/\/oe1.orf.at\/programm\/20241225\/779808\/Elsa-und-Joy-Die-Liebe-einer-Grosskatze-zu-einer-Menschenfrau<\/a><\/p>\n<p>Die Geschichte der Friederike Gessner aus dem alt\u00f6sterreichischen Troppau, heute tschechisch Opava, geboren 1910. Joy, damals noch Fifi genannt, bricht\u00a0 aus Wien zu einem unerh\u00f6rten Abenteuer auf. Sie will die PflanzenweltKenias erforschen und zeichnen. Afrika wird ihre neue Heimat und ihr Schicksal. Zusammen mit ihrem Mann George Adamson zieht sie drei L\u00f6wenbabys auf, zur L\u00f6win Elsa entwickelt sie eine bis dahin f\u00fcr unm\u00f6glich gehaltene Beziehung.<\/p>\n<div class=\"mceTemp\">\n<p><img loading=\"lazy\" decoding=\"async\" class=\"wp-image-4586 alignleft\" src=\"https:\/\/www.susanneayoub.at\/wp-content\/uploads\/2024\/12\/Joy-Kenia-1024x865.jpeg\" alt=\"\" width=\"203\" height=\"171\" data-wp-editing=\"1\" srcset=\"https:\/\/www.susanneayoub.at\/wp-content\/uploads\/2024\/12\/Joy-Kenia-1024x865.jpeg 1024w, https:\/\/www.susanneayoub.at\/wp-content\/uploads\/2024\/12\/Joy-Kenia-250x211.jpeg 250w, https:\/\/www.susanneayoub.at\/wp-content\/uploads\/2024\/12\/Joy-Kenia-1536x1297.jpeg 1536w, https:\/\/www.susanneayoub.at\/wp-content\/uploads\/2024\/12\/Joy-Kenia-2048x1729.jpeg 2048w, https:\/\/www.susanneayoub.at\/wp-content\/uploads\/2024\/12\/Joy-Kenia-1200x1013.jpeg 1200w\" sizes=\"auto, (max-width: 203px) 85vw, 203px\" \/><\/p>\n<p style=\"text-align: left;\">Vor dem Hintergrund kolonialer Herrschaft und Willk\u00fcr, der kenianischen Unabh\u00e4ngigkeitsbewegung und des Mau-Mau-Kriegs beschreibt Joy Adamson in Born Free ihr Leben mit L\u00f6wen. Das Buch und seine Verfilmung werden Welterfolge. 1980 stirbt Joy Adamson eines gewaltsamen Todes. Durch Menschenhand.<\/p>\n<figure id=\"attachment_4586\" style=\"width: 238px\"  class=\"wp-caption alignleft\"><img loading=\"lazy\" decoding=\"async\" class=\"wp-image-4584\" src=\"https:\/\/www.susanneayoub.at\/wp-content\/uploads\/2024\/12\/Joy-mit-den-Loewenbabys.jpeg\" alt=\"\" width=\"238\" height=\"182\" srcset=\"https:\/\/www.susanneayoub.at\/wp-content\/uploads\/2024\/12\/Joy-mit-den-Loewenbabys.jpeg 1024w, https:\/\/www.susanneayoub.at\/wp-content\/uploads\/2024\/12\/Joy-mit-den-Loewenbabys-250x191.jpeg 250w\" sizes=\"auto, (max-width: 238px) 85vw, 238px\" \/><figcaption class=\"wp-caption-text\">Joy mit &#8216;ihren drei Kindern&#8217;.<\/figcaption><\/figure>\n<figure id=\"attachment_4586\" style=\"width: 226px\"  class=\"wp-caption alignleft\"><img loading=\"lazy\" decoding=\"async\" class=\"wp-image-4590\" src=\"https:\/\/www.susanneayoub.at\/wp-content\/uploads\/2024\/12\/George-fuettert-Loewenbaby-1024x758.png\" alt=\"\" width=\"226\" height=\"167\" srcset=\"https:\/\/www.susanneayoub.at\/wp-content\/uploads\/2024\/12\/George-fuettert-Loewenbaby-1024x758.png 1024w, https:\/\/www.susanneayoub.at\/wp-content\/uploads\/2024\/12\/George-fuettert-Loewenbaby-250x185.png 250w, https:\/\/www.susanneayoub.at\/wp-content\/uploads\/2024\/12\/George-fuettert-Loewenbaby-1536x1136.png 1536w, https:\/\/www.susanneayoub.at\/wp-content\/uploads\/2024\/12\/George-fuettert-Loewenbaby-2048x1515.png 2048w, https:\/\/www.susanneayoub.at\/wp-content\/uploads\/2024\/12\/George-fuettert-Loewenbaby-1200x888.png 1200w\" sizes=\"auto, (max-width: 226px) 85vw, 226px\" \/><figcaption class=\"wp-caption-text\">George f\u00fcttert das L\u00f6wenbaby<\/figcaption><\/figure>\n<figure id=\"attachment_4586\" style=\"width: 485px\"  class=\"wp-caption alignleft\"><img loading=\"lazy\" decoding=\"async\" class=\"wp-image-4587 \" src=\"https:\/\/www.susanneayoub.at\/wp-content\/uploads\/2024\/12\/Joy-Bild-in-ORF-Archiv-1024x721.jpeg\" alt=\"\" width=\"485\" height=\"342\" srcset=\"https:\/\/www.susanneayoub.at\/wp-content\/uploads\/2024\/12\/Joy-Bild-in-ORF-Archiv-1024x721.jpeg 1024w, https:\/\/www.susanneayoub.at\/wp-content\/uploads\/2024\/12\/Joy-Bild-in-ORF-Archiv-250x176.jpeg 250w, https:\/\/www.susanneayoub.at\/wp-content\/uploads\/2024\/12\/Joy-Bild-in-ORF-Archiv-1536x1082.jpeg 1536w, https:\/\/www.susanneayoub.at\/wp-content\/uploads\/2024\/12\/Joy-Bild-in-ORF-Archiv-2048x1443.jpeg 2048w, https:\/\/www.susanneayoub.at\/wp-content\/uploads\/2024\/12\/Joy-Bild-in-ORF-Archiv-1200x845.jpeg 1200w\" sizes=\"auto, (max-width: 485px) 85vw, 485px\" \/><figcaption class=\"wp-caption-text\">\u201eAls Elsa starb, starb auch ein Teil von mir. Ich habe niemals diese tiefe Liebe zu einem menschlichen Wesen empfunden.\u201c<\/figcaption><\/figure>\n<figure id=\"attachment_4586\" style=\"width: 364px\"  class=\"wp-caption alignleft\"><img loading=\"lazy\" decoding=\"async\" class=\"wp-image-4589 \" src=\"https:\/\/www.susanneayoub.at\/wp-content\/uploads\/2024\/12\/Born-Free-Filmplakat.jpg\" alt=\"\" width=\"364\" height=\"660\" srcset=\"https:\/\/www.susanneayoub.at\/wp-content\/uploads\/2024\/12\/Born-Free-Filmplakat.jpg 262w, https:\/\/www.susanneayoub.at\/wp-content\/uploads\/2024\/12\/Born-Free-Filmplakat-138x250.jpg 138w\" sizes=\"auto, (max-width: 364px) 85vw, 364px\" \/><figcaption class=\"wp-caption-text\">Das Buch und der Film &#8216;Born Free&#8217; machen Joy und Elsa auf der ganzen Welt ber\u00fchmt.<\/figcaption><\/figure>\n<figure id=\"attachment_4586\" style=\"width: 526px\"  class=\"wp-caption alignleft\"><img loading=\"lazy\" decoding=\"async\" class=\"wp-image-4588 \" src=\"https:\/\/www.susanneayoub.at\/wp-content\/uploads\/2024\/12\/George-Adamson-mit-2-Jungen-von-Elsa-1024x708.jpeg\" alt=\"\" width=\"526\" height=\"363\" srcset=\"https:\/\/www.susanneayoub.at\/wp-content\/uploads\/2024\/12\/George-Adamson-mit-2-Jungen-von-Elsa-1024x708.jpeg 1024w, https:\/\/www.susanneayoub.at\/wp-content\/uploads\/2024\/12\/George-Adamson-mit-2-Jungen-von-Elsa-250x173.jpeg 250w, https:\/\/www.susanneayoub.at\/wp-content\/uploads\/2024\/12\/George-Adamson-mit-2-Jungen-von-Elsa-1536x1062.jpeg 1536w, https:\/\/www.susanneayoub.at\/wp-content\/uploads\/2024\/12\/George-Adamson-mit-2-Jungen-von-Elsa-1200x829.jpeg 1200w, https:\/\/www.susanneayoub.at\/wp-content\/uploads\/2024\/12\/George-Adamson-mit-2-Jungen-von-Elsa.jpeg 1897w\" sizes=\"auto, (max-width: 526px) 85vw, 526px\" \/><figcaption class=\"wp-caption-text\">George Adamson, genannt Baba ya Simba &#8211; Vater der L\u00f6wen. Er erleidet ein \u00e4hnliches Schicksal wie Joy, 1989 ermordet von Wilderern.<\/figcaption><\/figure>\n<div class=\"mceTemp\"><\/div>\n<p>&nbsp;<\/p>\n<\/div>\n","protected":false},"excerpt":{"rendered":"<p>\u00d61 &#8211; H\u00f6rbilder Spezial 25. Dezember 2024 10:05 Uhr + 30 Tage zum Nachh\u00f6ren: https:\/\/oe1.orf.at\/programm\/20241225\/779808\/Elsa-und-Joy-Die-Liebe-einer-Grosskatze-zu-einer-Menschenfrau Die Geschichte der Friederike Gessner aus dem alt\u00f6sterreichischen Troppau, heute tschechisch Opava, geboren 1910. Joy, damals noch Fifi genannt, bricht\u00a0 aus Wien zu einem unerh\u00f6rten Abenteuer auf. Sie will die PflanzenweltKenias erforschen und zeichnen. Afrika wird ihre neue Heimat und &hellip; <a href=\"https:\/\/www.susanneayoub.at\/en\/elsa-und-joy-die-liebe-einer-grosskatze-zu-einer-menschenfrau-ein-hoerstueck\/\" class=\"more-link\">Continue reading<span class=\"screen-reader-text\"> &#8220;ELSA UND JOY &#8211; Die Liebe einer Gro\u00dfkatze zu einer Menschenfrau. Ein H\u00f6rst\u00fcck&#8221;<\/span><\/a><\/p>\n","protected":false},"author":2,"featured_media":0,"parent":0,"menu_order":0,"comment_status":"closed","ping_status":"closed","template":"","meta":{"footnotes":""},"class_list":["post-4579","page","type-page","status-publish","hentry"],"_links":{"self":[{"href":"https:\/\/www.susanneayoub.at\/en\/wp-json\/wp\/v2\/pages\/4579","targetHints":{"allow":["GET"]}}],"collection":[{"href":"https:\/\/www.susanneayoub.at\/en\/wp-json\/wp\/v2\/pages"}],"about":[{"href":"https:\/\/www.susanneayoub.at\/en\/wp-json\/wp\/v2\/types\/page"}],"author":[{"embeddable":true,"href":"https:\/\/www.susanneayoub.at\/en\/wp-json\/wp\/v2\/users\/2"}],"replies":[{"embeddable":true,"href":"https:\/\/www.susanneayoub.at\/en\/wp-json\/wp\/v2\/comments?post=4579"}],"version-history":[{"count":8,"href":"https:\/\/www.susanneayoub.at\/en\/wp-json\/wp\/v2\/pages\/4579\/revisions"}],"predecessor-version":[{"id":4664,"href":"https:\/\/www.susanneayoub.at\/en\/wp-json\/wp\/v2\/pages\/4579\/revisions\/4664"}],"wp:attachment":[{"href":"https:\/\/www.susanneayoub.at\/en\/wp-json\/wp\/v2\/media?parent=4579"}],"curies":[{"name":"wp","href":"https:\/\/api.w.org\/{rel}","templated":true}]}}