{"id":4099,"date":"2023-11-16T15:33:02","date_gmt":"2023-11-16T14:33:02","guid":{"rendered":"https:\/\/www.susanneayoub.at\/?page_id=4099"},"modified":"2023-11-16T15:49:52","modified_gmt":"2023-11-16T14:49:52","slug":"thonetschloessl-moedling-lesung","status":"publish","type":"page","link":"https:\/\/www.susanneayoub.at\/en\/thonetschloessl-moedling-lesung\/","title":{"rendered":"THONETSCHL\u00d6SSL M\u00d6DLING READING"},"content":{"rendered":"<p><img loading=\"lazy\" decoding=\"async\" class=\"wp-image-4092 alignleft\" src=\"https:\/\/www.susanneayoub.at\/wp-content\/uploads\/2023\/11\/Thonetschloessl-773x1024.png\" alt=\"\" width=\"318\" height=\"421\" srcset=\"https:\/\/www.susanneayoub.at\/wp-content\/uploads\/2023\/11\/Thonetschloessl-773x1024.png 773w, https:\/\/www.susanneayoub.at\/wp-content\/uploads\/2023\/11\/Thonetschloessl-189x250.png 189w, https:\/\/www.susanneayoub.at\/wp-content\/uploads\/2023\/11\/Thonetschloessl-1160x1536.png 1160w, https:\/\/www.susanneayoub.at\/wp-content\/uploads\/2023\/11\/Thonetschloessl-1200x1590.png 1200w, https:\/\/www.susanneayoub.at\/wp-content\/uploads\/2023\/11\/Thonetschloessl.png 1220w\" sizes=\"auto, (max-width: 318px) 85vw, 318px\" \/>Saturday, November 18, 2023<br \/>\n5:00 pm<\/p>\n<p>THONETSCHL\u00d6SSL M\u00d6DLING<br \/>\nJosef Deutsch-Platz 2, 2340 M\u00f6dling<\/p>\n<p>LESUNG: Susanne Ayoub. Herbert Pauli. Moderation Sylvia Unterrader.<\/p>\n<p>Susanne Ayoub will read from \u201cRondo Veneziano\u201c:<\/p>\n<blockquote><p><img loading=\"lazy\" decoding=\"async\" class=\" wp-image-4094 alignleft\" src=\"https:\/\/www.susanneayoub.at\/wp-content\/uploads\/2023\/11\/Ayoub-2022-2-714x1024.png\" alt=\"\" width=\"290\" height=\"416\" srcset=\"https:\/\/www.susanneayoub.at\/wp-content\/uploads\/2023\/11\/Ayoub-2022-2-714x1024.png 714w, https:\/\/www.susanneayoub.at\/wp-content\/uploads\/2023\/11\/Ayoub-2022-2-174x250.png 174w, https:\/\/www.susanneayoub.at\/wp-content\/uploads\/2023\/11\/Ayoub-2022-2-1071x1536.png 1071w, https:\/\/www.susanneayoub.at\/wp-content\/uploads\/2023\/11\/Ayoub-2022-2-1200x1722.png 1200w, https:\/\/www.susanneayoub.at\/wp-content\/uploads\/2023\/11\/Ayoub-2022-2.png 1231w\" sizes=\"auto, (max-width: 290px) 85vw, 290px\" \/><\/p>\n<p>\u201cThe novel is about three women, about growing older, and about solving a criminal case as therapy for \u2018retirement shock.\u2019 It is also a literary walk through Venice, its Armenian community, and the art of glass blowing.\u201d<\/p>\n<p><span style=\"color: #000080;\">Translation Geoffrey C. Howes<\/span><\/p><\/blockquote>\n","protected":false},"excerpt":{"rendered":"<p>Saturday, November 18, 2023 5:00 pm THONETSCHL\u00d6SSL M\u00d6DLING Josef Deutsch-Platz 2, 2340 M\u00f6dling LESUNG: Susanne Ayoub. Herbert Pauli. Moderation Sylvia Unterrader. Susanne Ayoub will read from \u201cRondo Veneziano\u201c: \u201cThe novel is about three women, about growing older, and about solving a criminal case as therapy for \u2018retirement shock.\u2019 It is also a literary walk through &hellip; <a href=\"https:\/\/www.susanneayoub.at\/en\/thonetschloessl-moedling-lesung\/\" class=\"more-link\">Continue reading<span class=\"screen-reader-text\"> &#8220;THONETSCHL\u00d6SSL M\u00d6DLING READING&#8221;<\/span><\/a><\/p>\n","protected":false},"author":2,"featured_media":0,"parent":0,"menu_order":0,"comment_status":"closed","ping_status":"closed","template":"","meta":{"footnotes":""},"class_list":["post-4099","page","type-page","status-publish","hentry"],"_links":{"self":[{"href":"https:\/\/www.susanneayoub.at\/en\/wp-json\/wp\/v2\/pages\/4099","targetHints":{"allow":["GET"]}}],"collection":[{"href":"https:\/\/www.susanneayoub.at\/en\/wp-json\/wp\/v2\/pages"}],"about":[{"href":"https:\/\/www.susanneayoub.at\/en\/wp-json\/wp\/v2\/types\/page"}],"author":[{"embeddable":true,"href":"https:\/\/www.susanneayoub.at\/en\/wp-json\/wp\/v2\/users\/2"}],"replies":[{"embeddable":true,"href":"https:\/\/www.susanneayoub.at\/en\/wp-json\/wp\/v2\/comments?post=4099"}],"version-history":[{"count":4,"href":"https:\/\/www.susanneayoub.at\/en\/wp-json\/wp\/v2\/pages\/4099\/revisions"}],"predecessor-version":[{"id":4103,"href":"https:\/\/www.susanneayoub.at\/en\/wp-json\/wp\/v2\/pages\/4099\/revisions\/4103"}],"wp:attachment":[{"href":"https:\/\/www.susanneayoub.at\/en\/wp-json\/wp\/v2\/media?parent=4099"}],"curies":[{"name":"wp","href":"https:\/\/api.w.org\/{rel}","templated":true}]}}