{"id":3328,"date":"2022-03-04T22:32:07","date_gmt":"2022-03-04T21:32:07","guid":{"rendered":"http:\/\/www.susanneayoub.at\/?page_id=3328"},"modified":"2022-03-10T16:12:57","modified_gmt":"2022-03-10T15:12:57","slug":"radio-oe1-hoerbilder-kaethe-leichter","status":"publish","type":"page","link":"https:\/\/www.susanneayoub.at\/en\/radio-oe1-hoerbilder-kaethe-leichter\/","title":{"rendered":"Radio \u00d61 &#8211; Radio Drama about K\u00c4THE LEICHTER"},"content":{"rendered":"<div dir=\"auto\">\n<p>Focus on International Women&#8217;s Day:<br \/>\n&#8220;Cookstove,Washtub, Cottage Industry. The Better World of K\u00e4the Leichter.&#8221;<br \/>\nSATURDAY, 5 MARCH, 2022<br \/>\n9:05 p.m. in \u00d61-H\u00f6rbilder<br \/>\n<span style=\"color: #ff0000;\">+ 7 days to listen:<\/span><br \/>\n<a href=\"https:\/\/oe1.orf.at\/programm\/20220305\/671538\/Kaethe-Leichter-zum-80-Todestag?fbclid=IwAR0wDacT9Sis5EhvFY38wv8FRTgLDrE_Mp88TzoErpuWnny91SKEHhqSRpg\">https:\/\/oe1.orf.at\/programm\/20220305\/671538\/Kaethe-Leichter-zum-80-Todestag?fbclid=IwAR0wDacT9Sis5EhvFY38wv8FRTgLDrE_Mp88TzoErpuWnny91SKEHhqSRpg<\/a><img loading=\"lazy\" decoding=\"async\" class=\"size-medium wp-image-3317 alignleft\" src=\"http:\/\/www.susanneayoub.at\/wp-content\/uploads\/2022\/03\/kaethe-circle001-171x250.jpg\" alt=\"\" width=\"171\" height=\"250\" srcset=\"https:\/\/www.susanneayoub.at\/wp-content\/uploads\/2022\/03\/kaethe-circle001-171x250.jpg 171w, https:\/\/www.susanneayoub.at\/wp-content\/uploads\/2022\/03\/kaethe-circle001-699x1024.jpg 699w, https:\/\/www.susanneayoub.at\/wp-content\/uploads\/2022\/03\/kaethe-circle001.jpg 976w\" sizes=\"auto, (max-width: 171px) 85vw, 171px\" \/><\/p>\n<p>The name K\u00e4the Leichter is associated with the golden age of Austrian Social Democracy. Few are still familiar with her life and work. Early on she was committed to improving the education and occupational situation of women. Her studies on women\u2019s work in the First Republic are groundbreaking, and her analyses and demands are disturbingly relevant. In 1934, together with her husband, the journalist Otto Leichter, she founded the Revolutionary Socialists. In 1942, this Jewish resistance fighter was murdered by poison gas in the Bernburg\/Saale concentration camp.<\/p>\n<\/div>\n<div dir=\"auto\">\n<p>Links to find more:<br \/>\nRADIO PLAYS AND FEATURES<img loading=\"lazy\" decoding=\"async\" class=\"size-medium wp-image-3330 alignright\" src=\"http:\/\/www.susanneayoub.at\/wp-content\/uploads\/2015\/04\/Ka\u0308the-Leichter-Schichtwechsel-250x250.png\" alt=\"\" width=\"250\" height=\"250\" srcset=\"https:\/\/www.susanneayoub.at\/wp-content\/uploads\/2015\/04\/Ka\u0308the-Leichter-Schichtwechsel-250x250.png 250w, https:\/\/www.susanneayoub.at\/wp-content\/uploads\/2015\/04\/Ka\u0308the-Leichter-Schichtwechsel-1024x1024.png 1024w, https:\/\/www.susanneayoub.at\/wp-content\/uploads\/2015\/04\/Ka\u0308the-Leichter-Schichtwechsel-150x150.png 150w, https:\/\/www.susanneayoub.at\/wp-content\/uploads\/2015\/04\/Ka\u0308the-Leichter-Schichtwechsel-1200x1199.png 1200w, https:\/\/www.susanneayoub.at\/wp-content\/uploads\/2015\/04\/Ka\u0308the-Leichter-Schichtwechsel.png 1513w\" sizes=\"auto, (max-width: 250px) 85vw, 250px\" \/><\/p>\n<\/div>\n<div dir=\"auto\">\n<p><a href=\"http:\/\/www.susanneayoub.at\/kochherd-waschtrog-heimarbeit-die-bessere-welt-der-kaethe-leichter\/\">http:\/\/www.susanneayoub.at\/kochherd-waschtrog-heimarbeit-die-bessere-welt-der-kaethe-leichter\/<\/a><\/p>\n<p>NEWPAPER ARTICLE (German) IN &#8216;DERSTANDARD.AT&#8217;<\/p>\n<\/div>\n<div dir=\"auto\"><a href=\"https:\/\/oe1.orf.at\/programm\/20220305\/671538\/Kaethe-Leichter-zum-80-Todestag\">https:\/\/oe1.orf.at\/programm\/20220305\/671538\/Kaethe-Leichter-zum-80-Todestag<\/a><\/div>\n","protected":false},"excerpt":{"rendered":"<p>Focus on International Women&#8217;s Day: &#8220;Cookstove,Washtub, Cottage Industry. The Better World of K\u00e4the Leichter.&#8221; SATURDAY, 5 MARCH, 2022 9:05 p.m. in \u00d61-H\u00f6rbilder + 7 days to listen: https:\/\/oe1.orf.at\/programm\/20220305\/671538\/Kaethe-Leichter-zum-80-Todestag?fbclid=IwAR0wDacT9Sis5EhvFY38wv8FRTgLDrE_Mp88TzoErpuWnny91SKEHhqSRpg The name K\u00e4the Leichter is associated with the golden age of Austrian Social Democracy. Few are still familiar with her life and work. Early on she was &hellip; <a href=\"https:\/\/www.susanneayoub.at\/en\/radio-oe1-hoerbilder-kaethe-leichter\/\" class=\"more-link\">Continue reading<span class=\"screen-reader-text\"> &#8220;Radio \u00d61 &#8211; Radio Drama about K\u00c4THE LEICHTER&#8221;<\/span><\/a><\/p>\n","protected":false},"author":2,"featured_media":0,"parent":0,"menu_order":0,"comment_status":"closed","ping_status":"closed","template":"","meta":{"footnotes":""},"class_list":["post-3328","page","type-page","status-publish","hentry"],"_links":{"self":[{"href":"https:\/\/www.susanneayoub.at\/en\/wp-json\/wp\/v2\/pages\/3328","targetHints":{"allow":["GET"]}}],"collection":[{"href":"https:\/\/www.susanneayoub.at\/en\/wp-json\/wp\/v2\/pages"}],"about":[{"href":"https:\/\/www.susanneayoub.at\/en\/wp-json\/wp\/v2\/types\/page"}],"author":[{"embeddable":true,"href":"https:\/\/www.susanneayoub.at\/en\/wp-json\/wp\/v2\/users\/2"}],"replies":[{"embeddable":true,"href":"https:\/\/www.susanneayoub.at\/en\/wp-json\/wp\/v2\/comments?post=3328"}],"version-history":[{"count":14,"href":"https:\/\/www.susanneayoub.at\/en\/wp-json\/wp\/v2\/pages\/3328\/revisions"}],"predecessor-version":[{"id":3360,"href":"https:\/\/www.susanneayoub.at\/en\/wp-json\/wp\/v2\/pages\/3328\/revisions\/3360"}],"wp:attachment":[{"href":"https:\/\/www.susanneayoub.at\/en\/wp-json\/wp\/v2\/media?parent=3328"}],"curies":[{"name":"wp","href":"https:\/\/api.w.org\/{rel}","templated":true}]}}