{"id":2448,"date":"2020-08-27T12:32:53","date_gmt":"2020-08-27T10:32:53","guid":{"rendered":"http:\/\/www.susanneayoub.at\/?page_id=2448"},"modified":"2020-08-27T12:45:15","modified_gmt":"2020-08-27T10:45:15","slug":"heimkehr","status":"publish","type":"page","link":"https:\/\/www.susanneayoub.at\/en\/heimkehr\/","title":{"rendered":"HEIMKEHR"},"content":{"rendered":"<blockquote><p>Allein im Dunkel<br \/>\nAugen geschlossen<br \/>\nein grauer Schein<br \/>\nsehe nicht<br \/>\nsehe doch<br \/>\naus Grau die Gestalt<br \/>\nes ist eine Frau<br \/>\nsie hat den Mann verloren<br \/>\nsie hat den Sohn verloren<br \/>\nSchwestern und Br\u00fcder<br \/>\nNachbarn und Freunde verloren<br \/>\nich will fort<br \/>\nda naht er<br \/>\nhat keine H\u00e4nde keine Beine<br \/>\nhat keine F\u00fc\u00dfe keine Arme<br \/>\nkeine Augen mehr<br \/>\nOhren findet er nicht<br \/>\nso nah ist er<br \/>\nich rieche<br \/>\nF\u00e4ulnis<img loading=\"lazy\" decoding=\"async\" class=\"size-medium wp-image-2453 alignleft\" src=\"http:\/\/www.susanneayoub.at\/wp-content\/uploads\/2020\/08\/Heimkehr-2-188x250.jpg\" alt=\"\" width=\"188\" height=\"250\" srcset=\"https:\/\/www.susanneayoub.at\/wp-content\/uploads\/2020\/08\/Heimkehr-2-188x250.jpg 188w, https:\/\/www.susanneayoub.at\/wp-content\/uploads\/2020\/08\/Heimkehr-2-768x1024.jpg 768w, https:\/\/www.susanneayoub.at\/wp-content\/uploads\/2020\/08\/Heimkehr-2-1152x1536.jpg 1152w, https:\/\/www.susanneayoub.at\/wp-content\/uploads\/2020\/08\/Heimkehr-2-1536x2048.jpg 1536w, https:\/\/www.susanneayoub.at\/wp-content\/uploads\/2020\/08\/Heimkehr-2-1200x1600.jpg 1200w, https:\/\/www.susanneayoub.at\/wp-content\/uploads\/2020\/08\/Heimkehr-2-scaled.jpg 1920w\" sizes=\"auto, (max-width: 188px) 85vw, 188px\" \/><br \/>\nkann nicht fort<br \/>\nder Dritte hat nur<br \/>\neine Stimme ich<br \/>\nliege auf dem R\u00fccken<br \/>\nsagt er<br \/>\nH\u00e4nde gefaltet<br \/>\nauf der Brust<br \/>\nH\u00e4nde<br \/>\nmit Blut besudelt<br \/>\nkehre ich heim<br \/>\nmit allen Ehren<br \/>\nbedeckt mit<br \/>\nStoff der Heimat<br \/>\nder Fahne<br \/>\nich will erwachen<br \/>\nes ist kein Traum<br \/>\n<img loading=\"lazy\" decoding=\"async\" class=\"size-medium wp-image-2456 alignleft\" src=\"http:\/\/www.susanneayoub.at\/wp-content\/uploads\/2020\/08\/Totentanz-250x166.png\" alt=\"\" width=\"250\" height=\"166\" srcset=\"https:\/\/www.susanneayoub.at\/wp-content\/uploads\/2020\/08\/Totentanz-250x166.png 250w, https:\/\/www.susanneayoub.at\/wp-content\/uploads\/2020\/08\/Totentanz-1024x680.png 1024w, https:\/\/www.susanneayoub.at\/wp-content\/uploads\/2020\/08\/Totentanz-1536x1020.png 1536w, https:\/\/www.susanneayoub.at\/wp-content\/uploads\/2020\/08\/Totentanz-2048x1360.png 2048w, https:\/\/www.susanneayoub.at\/wp-content\/uploads\/2020\/08\/Totentanz-1200x797.png 1200w\" sizes=\"auto, (max-width: 250px) 85vw, 250px\" \/><\/p><\/blockquote>\n<p><em>IM KRIEG. Gedichtzyklus von Susanne Ayoub.<br \/>\n<\/em><em>In Arbeit.<\/em><\/p>\n","protected":false},"excerpt":{"rendered":"<p>Allein im Dunkel Augen geschlossen ein grauer Schein sehe nicht sehe doch aus Grau die Gestalt es ist eine Frau sie hat den Mann verloren sie hat den Sohn verloren Schwestern und Br\u00fcder Nachbarn und Freunde verloren ich will fort da naht er hat keine H\u00e4nde keine Beine hat keine F\u00fc\u00dfe keine Arme keine Augen &hellip; <a href=\"https:\/\/www.susanneayoub.at\/en\/heimkehr\/\" class=\"more-link\">Continue reading<span class=\"screen-reader-text\"> &#8220;HEIMKEHR&#8221;<\/span><\/a><\/p>\n","protected":false},"author":2,"featured_media":0,"parent":0,"menu_order":0,"comment_status":"closed","ping_status":"closed","template":"","meta":{"footnotes":""},"class_list":["post-2448","page","type-page","status-publish","hentry"],"_links":{"self":[{"href":"https:\/\/www.susanneayoub.at\/en\/wp-json\/wp\/v2\/pages\/2448","targetHints":{"allow":["GET"]}}],"collection":[{"href":"https:\/\/www.susanneayoub.at\/en\/wp-json\/wp\/v2\/pages"}],"about":[{"href":"https:\/\/www.susanneayoub.at\/en\/wp-json\/wp\/v2\/types\/page"}],"author":[{"embeddable":true,"href":"https:\/\/www.susanneayoub.at\/en\/wp-json\/wp\/v2\/users\/2"}],"replies":[{"embeddable":true,"href":"https:\/\/www.susanneayoub.at\/en\/wp-json\/wp\/v2\/comments?post=2448"}],"version-history":[{"count":5,"href":"https:\/\/www.susanneayoub.at\/en\/wp-json\/wp\/v2\/pages\/2448\/revisions"}],"predecessor-version":[{"id":2458,"href":"https:\/\/www.susanneayoub.at\/en\/wp-json\/wp\/v2\/pages\/2448\/revisions\/2458"}],"wp:attachment":[{"href":"https:\/\/www.susanneayoub.at\/en\/wp-json\/wp\/v2\/media?parent=2448"}],"curies":[{"name":"wp","href":"https:\/\/api.w.org\/{rel}","templated":true}]}}