{"id":2208,"date":"2019-12-09T09:59:39","date_gmt":"2019-12-09T08:59:39","guid":{"rendered":"http:\/\/www.susanneayoub.at\/?page_id=2208"},"modified":"2019-12-19T11:56:26","modified_gmt":"2019-12-19T10:56:26","slug":"der-caravaggio-krimi-in-der-alten-schmiede","status":"publish","type":"page","link":"https:\/\/www.susanneayoub.at\/en\/der-caravaggio-krimi-in-der-alten-schmiede\/","title":{"rendered":"Der Caravaggio-Krimi in der ALTEN SCHMIEDE"},"content":{"rendered":"<p>Donnerstag, 12. Dezember<br \/>\n19 Uhr<\/p>\n<p><img loading=\"lazy\" decoding=\"async\" class=\"size-full wp-image-2211 alignleft\" src=\"http:\/\/www.susanneayoub.at\/wp-content\/uploads\/2019\/12\/Der-Hammer.jpg\" alt=\"\" width=\"52\" height=\"76\" \/><\/p>\n<p>Literaturzentrum Alte Schmiede<br \/>\nSch\u00f6nlaterngasse 9<br \/>\n1010 Wien<\/p>\n<p>mit <strong>Susanne Ayoub<\/strong>, Schriftstellerin, Regisseurin und Filmemacherin<br \/>\nund <strong>Stefan Weppelmann<\/strong>, Kunsthistoriker, Direktor der Gem\u00e4ldegalerie des Kunsthistorischen Museums Wien<br \/>\nModeration: <strong>Andreas Jungwirth<br \/>\n<\/strong><img loading=\"lazy\" decoding=\"async\" class=\"size-medium wp-image-2210 alignright\" src=\"http:\/\/www.susanneayoub.at\/wp-content\/uploads\/2019\/12\/Alte-Schmiede-250x158.jpg\" alt=\"\" width=\"250\" height=\"158\" srcset=\"https:\/\/www.susanneayoub.at\/wp-content\/uploads\/2019\/12\/Alte-Schmiede-250x158.jpg 250w, https:\/\/www.susanneayoub.at\/wp-content\/uploads\/2019\/12\/Alte-Schmiede-1024x648.jpg 1024w, https:\/\/www.susanneayoub.at\/wp-content\/uploads\/2019\/12\/Alte-Schmiede-1200x759.jpg 1200w, https:\/\/www.susanneayoub.at\/wp-content\/uploads\/2019\/12\/Alte-Schmiede.jpg 1530w\" sizes=\"auto, (max-width: 250px) 85vw, 250px\" \/><\/p>\n<p>\u201eDer Caravaggio-Krimi\u201c\u00a0 von Susanne Ayoub beginnt in einer Gewitternacht in Palermo im Oktober 1969: Aus dem Oratorio di San Lorenzo verschwindet das Altarbild, eine Darstellung der Geburt Christi, gemalt von Caravaggio.<\/p>\n<figure id=\"attachment_2106\" style=\"width: 250px\"  class=\"wp-caption alignleft\"><img loading=\"lazy\" decoding=\"async\" class=\"size-medium wp-image-2106\" src=\"http:\/\/www.susanneayoub.at\/wp-content\/uploads\/2019\/10\/Caravaggio-Engel-u-Madonna-250x167.jpg\" alt=\"\" width=\"250\" height=\"167\" srcset=\"https:\/\/www.susanneayoub.at\/wp-content\/uploads\/2019\/10\/Caravaggio-Engel-u-Madonna-250x167.jpg 250w, https:\/\/www.susanneayoub.at\/wp-content\/uploads\/2019\/10\/Caravaggio-Engel-u-Madonna.jpg 711w\" sizes=\"auto, (max-width: 250px) 85vw, 250px\" \/><figcaption class=\"wp-caption-text\">Der gestohlene Caravaggio: La Nativit\u00e0<\/figcaption><\/figure>\n<p style=\"text-align: left;\">Dramatisch wie das Leben des genialen Malers, den sein Temperament zum M\u00f6rder macht, ist auch die Suche nach dem ber\u00fchmten Gem\u00e4lde. Doch auch f\u00fcnfzig Jahre und unz\u00e4hlige Spuren, falsche Gest\u00e4ndnisse und schaurige Legenden sp\u00e4ter bleibt der Diebstahl ungekl\u00e4rt. Sicher ist nur eines: Es war die Mafia.<\/p>\n<p style=\"text-align: left;\">Die radiophone Werkstatt der Alten Schmiede stellt das H\u00f6rst\u00fcck vor, anschlie\u00dfende Diskussion.<\/p>\n<p><img loading=\"lazy\" decoding=\"async\" class=\"size-medium wp-image-2209 alignright\" src=\"http:\/\/www.susanneayoub.at\/wp-content\/uploads\/2019\/12\/Einladung-Alte-Schmiede-250x244.jpg\" alt=\"\" width=\"250\" height=\"244\" srcset=\"https:\/\/www.susanneayoub.at\/wp-content\/uploads\/2019\/12\/Einladung-Alte-Schmiede-250x244.jpg 250w, https:\/\/www.susanneayoub.at\/wp-content\/uploads\/2019\/12\/Einladung-Alte-Schmiede-1024x1001.jpg 1024w, https:\/\/www.susanneayoub.at\/wp-content\/uploads\/2019\/12\/Einladung-Alte-Schmiede-1200x1173.jpg 1200w\" sizes=\"auto, (max-width: 250px) 85vw, 250px\" \/><\/p>\n<figure id=\"attachment_2223\" style=\"width: 250px\"  class=\"wp-caption alignnone\"><img loading=\"lazy\" decoding=\"async\" class=\"wp-image-2223 size-medium\" src=\"http:\/\/www.susanneayoub.at\/wp-content\/uploads\/2019\/12\/ca72e212-0310-4d84-973e-37e517b8a5cc-250x188.jpg\" alt=\"\" width=\"250\" height=\"188\" srcset=\"https:\/\/www.susanneayoub.at\/wp-content\/uploads\/2019\/12\/ca72e212-0310-4d84-973e-37e517b8a5cc-250x188.jpg 250w, https:\/\/www.susanneayoub.at\/wp-content\/uploads\/2019\/12\/ca72e212-0310-4d84-973e-37e517b8a5cc.jpg 1024w\" sizes=\"auto, (max-width: 250px) 85vw, 250px\" \/><figcaption class=\"wp-caption-text\">Stefan Weppelmann &#8211; Susanne Ayoub &#8211; Andreas Jungwirth<\/figcaption><\/figure>\n<figure id=\"attachment_2226\" style=\"width: 250px\"  class=\"wp-caption alignleft\"><img loading=\"lazy\" decoding=\"async\" class=\"wp-image-2226 size-medium\" src=\"http:\/\/www.susanneayoub.at\/wp-content\/uploads\/2019\/12\/7710ff47-6e11-4dbf-8d06-373e611b9bd4-250x188.jpg\" alt=\"\" width=\"250\" height=\"188\" srcset=\"https:\/\/www.susanneayoub.at\/wp-content\/uploads\/2019\/12\/7710ff47-6e11-4dbf-8d06-373e611b9bd4-250x188.jpg 250w, https:\/\/www.susanneayoub.at\/wp-content\/uploads\/2019\/12\/7710ff47-6e11-4dbf-8d06-373e611b9bd4.jpg 1024w\" sizes=\"auto, (max-width: 250px) 85vw, 250px\" \/><figcaption class=\"wp-caption-text\">Weppelmann: &#8220;Es gibt keinen absoluten Schutz vor Kunstdiebstahl &#8211; nur das Depot.&#8221;<\/figcaption><\/figure>\n<figure id=\"attachment_2224\" style=\"width: 250px\"  class=\"wp-caption alignnone\"><img loading=\"lazy\" decoding=\"async\" class=\"wp-image-2224 size-medium\" src=\"http:\/\/www.susanneayoub.at\/wp-content\/uploads\/2019\/12\/7911302f-6eaf-4883-a8a9-b9d5af956ef3-250x188.jpg\" alt=\"\" width=\"250\" height=\"188\" srcset=\"https:\/\/www.susanneayoub.at\/wp-content\/uploads\/2019\/12\/7911302f-6eaf-4883-a8a9-b9d5af956ef3-250x188.jpg 250w, https:\/\/www.susanneayoub.at\/wp-content\/uploads\/2019\/12\/7911302f-6eaf-4883-a8a9-b9d5af956ef3.jpg 1024w\" sizes=\"auto, (max-width: 250px) 85vw, 250px\" \/><figcaption class=\"wp-caption-text\">Im St\u00fcck Alter ego der Autorin: Schauspielerin Katharina Knap<\/figcaption><\/figure>\n<p style=\"text-align: right;\">\n","protected":false},"excerpt":{"rendered":"<p>Donnerstag, 12. Dezember 19 Uhr Literaturzentrum Alte Schmiede Sch\u00f6nlaterngasse 9 1010 Wien mit Susanne Ayoub, Schriftstellerin, Regisseurin und Filmemacherin und Stefan Weppelmann, Kunsthistoriker, Direktor der Gem\u00e4ldegalerie des Kunsthistorischen Museums Wien Moderation: Andreas Jungwirth \u201eDer Caravaggio-Krimi\u201c\u00a0 von Susanne Ayoub beginnt in einer Gewitternacht in Palermo im Oktober 1969: Aus dem Oratorio di San Lorenzo verschwindet das &hellip; <a href=\"https:\/\/www.susanneayoub.at\/en\/der-caravaggio-krimi-in-der-alten-schmiede\/\" class=\"more-link\">Continue reading<span class=\"screen-reader-text\"> &#8220;Der Caravaggio-Krimi in der ALTEN SCHMIEDE&#8221;<\/span><\/a><\/p>\n","protected":false},"author":2,"featured_media":0,"parent":0,"menu_order":0,"comment_status":"closed","ping_status":"closed","template":"","meta":{"footnotes":""},"class_list":["post-2208","page","type-page","status-publish","hentry"],"_links":{"self":[{"href":"https:\/\/www.susanneayoub.at\/en\/wp-json\/wp\/v2\/pages\/2208","targetHints":{"allow":["GET"]}}],"collection":[{"href":"https:\/\/www.susanneayoub.at\/en\/wp-json\/wp\/v2\/pages"}],"about":[{"href":"https:\/\/www.susanneayoub.at\/en\/wp-json\/wp\/v2\/types\/page"}],"author":[{"embeddable":true,"href":"https:\/\/www.susanneayoub.at\/en\/wp-json\/wp\/v2\/users\/2"}],"replies":[{"embeddable":true,"href":"https:\/\/www.susanneayoub.at\/en\/wp-json\/wp\/v2\/comments?post=2208"}],"version-history":[{"count":6,"href":"https:\/\/www.susanneayoub.at\/en\/wp-json\/wp\/v2\/pages\/2208\/revisions"}],"predecessor-version":[{"id":2246,"href":"https:\/\/www.susanneayoub.at\/en\/wp-json\/wp\/v2\/pages\/2208\/revisions\/2246"}],"wp:attachment":[{"href":"https:\/\/www.susanneayoub.at\/en\/wp-json\/wp\/v2\/media?parent=2208"}],"curies":[{"name":"wp","href":"https:\/\/api.w.org\/{rel}","templated":true}]}}