{"id":2019,"date":"2019-06-25T15:35:28","date_gmt":"2019-06-25T13:35:28","guid":{"rendered":"http:\/\/www.susanneayoub.at\/?page_id=2019"},"modified":"2019-07-01T11:36:31","modified_gmt":"2019-07-01T09:36:31","slug":"cafe-prueckel-lesung-aus-die-fassade","status":"publish","type":"page","link":"https:\/\/www.susanneayoub.at\/en\/cafe-prueckel-lesung-aus-die-fassade\/","title":{"rendered":"CAF\u00c9 PR\u00dcCKEL: LESUNG AUS &#8220;DIE FASSADE&#8221;"},"content":{"rendered":"<div class=\"entry-content hyphenate bb\">\n<p><span style=\"color: #00ced1;\">Donnerstag, 4. Juli 2019\u00a0 20 UHR<\/span><br \/>\n<span style=\"color: #00ced1;\">CAF\u00c9 PR\u00dcCKEL<\/span><br \/>\n<span style=\"color: #00ced1;\">Stubenring 41010 Wien<\/span><\/p>\n<p>&nbsp;<\/p>\n<blockquote><p>Das Haus vor ihr war ebenerdig, mit drei hohen Schornsteinen, aus denen Rauch aufstieg. Sie ging n\u00e4her, bis sie den Schriftzug auf der Fassade lesen konnte: <em>B\u00e4ckerei Josef Lang. Eingang gleich um die Ecke.<\/em> Der gemalte Finger darunter zeigte die Richtung an. Gegr\u00fcndet 1830.<\/p>\n<p><img loading=\"lazy\" decoding=\"async\" class=\"size-medium wp-image-2010 alignleft\" src=\"http:\/\/www.susanneayoub.at\/wp-content\/uploads\/2019\/06\/Haustor-altes-Margareten-187x250.jpg\" sizes=\"auto, (max-width: 187px) 85vw, 187px\" srcset=\"http:\/\/www.susanneayoub.at\/wp-content\/uploads\/2019\/06\/Haustor-altes-Margareten-187x250.jpg 187w, http:\/\/www.susanneayoub.at\/wp-content\/uploads\/2019\/06\/Haustor-altes-Margareten-765x1024.jpg 765w, http:\/\/www.susanneayoub.at\/wp-content\/uploads\/2019\/06\/Haustor-altes-Margareten-1200x1605.jpg 1200w, http:\/\/www.susanneayoub.at\/wp-content\/uploads\/2019\/06\/Haustor-altes-Margareten.jpg 1297w\" alt=\"\" width=\"187\" height=\"250\" \/><\/p>\n<p>Die T\u00fcr der B\u00e4ckerei \u00f6ffnete sich. Ein hoch gewachsener Mann kam heraus und wandte sich nach einem raschen Blick zu ihr her\u00fcber wieder ab. Sie wollte mit ihm sprechen, aber sie brachte keinen Ton hervor. Ein neuerlicher Windsto\u00df traf sie von hinten und trieb die Nebelschwaden vor sich her. Der Mann verschwand im wallenden Wei\u00df. Sie lief \u00fcber die Stra\u00dfe und weiter, bis sie weit vor sich seinen schwarzen Mantel entdeckte. Den Kopf vorgebeugt, strebte er davon. Nur ein paar Schritte trennten sie noch von ihrem Haus, da fiel ihr Blick auf einen leuchtend roten Fleck, dicht neben der Gehsteigkante. Sie b\u00fcckte sich und fand die verlorene Spielkarte. Die Herzdame war in <img loading=\"lazy\" decoding=\"async\" class=\" wp-image-2011 alignright\" src=\"http:\/\/www.susanneayoub.at\/wp-content\/uploads\/2019\/06\/Scho\u0308nbrunner-Stra\u00dfe-altes-Margareten-250x186.jpg\" sizes=\"auto, (max-width: 250px) 85vw, 250px\" srcset=\"http:\/\/www.susanneayoub.at\/wp-content\/uploads\/2019\/06\/Scho\u0308nbrunner-Stra\u00dfe-altes-Margareten-250x186.jpg 250w, http:\/\/www.susanneayoub.at\/wp-content\/uploads\/2019\/06\/Scho\u0308nbrunner-Stra\u00dfe-altes-Margareten-1024x762.jpg 1024w, http:\/\/www.susanneayoub.at\/wp-content\/uploads\/2019\/06\/Scho\u0308nbrunner-Stra\u00dfe-altes-Margareten-1200x893.jpg 1200w\" alt=\"\" width=\"306\" height=\"228\" \/>Gesellschaft des Pikbuben.<\/p>\n<p>Sie rief ihm nach. Diesmal war ihre Stimme klar, aber sie ging unter im L\u00e4rm des Fahrzeuges, das die Stra\u00dfe passierte. Metallbespannte R\u00e4der holperten \u00fcber das alte Kopfsteinpflaster. Sie holte den Schl\u00fcssel aus ihrer Manteltasche und wollte das Haustor aufsperren. Sie stie\u00df auf rauhen Stein. Mit beiden H\u00e4nden tastete sie die Mauer entlang. Da war keine T\u00fcr. Da war kein Haus.<\/p><\/blockquote>\n<p>&nbsp;<\/p>\n<p>Im Rahmen der Podium-Sommerlesereihe Ferne Spiegel \u2013 Literatur und Geschichte liest Susanne Ayoub aus der Novelle \u201eDie Fassade\u201c. Der Text ist eine Weiterentwicklung ihres Beitrags in dem k\u00fcnstlerischen Architektur-W\u00f6rterbuch \u201eSprache der Stra\u00dfe\u201c (hg Mark Gilbert, Hans Hinterholzer, Wolfgang Niederwieser. Verlag Sonderzahl 2005)<\/p>\n<\/div>\n","protected":false},"excerpt":{"rendered":"<p>Donnerstag, 4. Juli 2019\u00a0 20 UHR CAF\u00c9 PR\u00dcCKEL Stubenring 41010 Wien &nbsp; Das Haus vor ihr war ebenerdig, mit drei hohen Schornsteinen, aus denen Rauch aufstieg. Sie ging n\u00e4her, bis sie den Schriftzug auf der Fassade lesen konnte: B\u00e4ckerei Josef Lang. Eingang gleich um die Ecke. Der gemalte Finger darunter zeigte die Richtung an. Gegr\u00fcndet &hellip; <a href=\"https:\/\/www.susanneayoub.at\/en\/cafe-prueckel-lesung-aus-die-fassade\/\" class=\"more-link\">Continue reading<span class=\"screen-reader-text\"> &#8220;CAF\u00c9 PR\u00dcCKEL: LESUNG AUS &#8220;DIE FASSADE&#8221;&#8221;<\/span><\/a><\/p>\n","protected":false},"author":2,"featured_media":0,"parent":0,"menu_order":0,"comment_status":"closed","ping_status":"closed","template":"","meta":{"footnotes":""},"class_list":["post-2019","page","type-page","status-publish","hentry"],"_links":{"self":[{"href":"https:\/\/www.susanneayoub.at\/en\/wp-json\/wp\/v2\/pages\/2019","targetHints":{"allow":["GET"]}}],"collection":[{"href":"https:\/\/www.susanneayoub.at\/en\/wp-json\/wp\/v2\/pages"}],"about":[{"href":"https:\/\/www.susanneayoub.at\/en\/wp-json\/wp\/v2\/types\/page"}],"author":[{"embeddable":true,"href":"https:\/\/www.susanneayoub.at\/en\/wp-json\/wp\/v2\/users\/2"}],"replies":[{"embeddable":true,"href":"https:\/\/www.susanneayoub.at\/en\/wp-json\/wp\/v2\/comments?post=2019"}],"version-history":[{"count":8,"href":"https:\/\/www.susanneayoub.at\/en\/wp-json\/wp\/v2\/pages\/2019\/revisions"}],"predecessor-version":[{"id":2032,"href":"https:\/\/www.susanneayoub.at\/en\/wp-json\/wp\/v2\/pages\/2019\/revisions\/2032"}],"wp:attachment":[{"href":"https:\/\/www.susanneayoub.at\/en\/wp-json\/wp\/v2\/media?parent=2019"}],"curies":[{"name":"wp","href":"https:\/\/api.w.org\/{rel}","templated":true}]}}