{"id":1978,"date":"2019-05-30T22:51:09","date_gmt":"2019-05-30T20:51:09","guid":{"rendered":"http:\/\/www.susanneayoub.at\/?page_id=1978"},"modified":"2022-07-18T21:58:25","modified_gmt":"2022-07-18T19:58:25","slug":"krieg-ist","status":"publish","type":"page","link":"https:\/\/www.susanneayoub.at\/en\/krieg-ist\/","title":{"rendered":"KRIEG IST"},"content":{"rendered":"<p>&nbsp;<\/p>\n<blockquote><p>Bilderst\u00fcrmer<\/p>\n<p>B\u00fccherwurm<\/p>\n<p>Moviestar in<\/p>\n<p>Cinemascope<\/p><\/blockquote>\n<blockquote>\n<figure id=\"attachment_1972\" style=\"width: 250px\"  class=\"wp-caption alignleft\"><img loading=\"lazy\" decoding=\"async\" class=\"wp-image-1972 size-medium\" style=\"margin-top: 30px;\" src=\"http:\/\/www.susanneayoub.at\/wp-content\/uploads\/2019\/05\/Panzerkreuzer-Potemkin-250x248.jpg\" alt=\"\" width=\"250\" height=\"248\" srcset=\"https:\/\/www.susanneayoub.at\/wp-content\/uploads\/2019\/05\/Panzerkreuzer-Potemkin-250x248.jpg 250w, https:\/\/www.susanneayoub.at\/wp-content\/uploads\/2019\/05\/Panzerkreuzer-Potemkin-150x150.jpg 150w, https:\/\/www.susanneayoub.at\/wp-content\/uploads\/2019\/05\/Panzerkreuzer-Potemkin-1024x1014.jpg 1024w, https:\/\/www.susanneayoub.at\/wp-content\/uploads\/2019\/05\/Panzerkreuzer-Potemkin-1200x1189.jpg 1200w\" sizes=\"auto, (max-width: 250px) 85vw, 250px\" \/><figcaption class=\"wp-caption-text\">Denkmal in Odessa: DER PANZERKREUZER POTEMKIN<\/figcaption><\/figure>\n<p data-wp-editing=\"1\">\n<p><span style=\"color: goldenrod; font-size: 3rem; line-height: 0.8;\">F<\/span>leischverzehrer<\/p>\n<p>Beinausl\u00f6ser<\/p>\n<p>Leber Niere Milz und<\/p>\n<p>Lunge<\/p>\n<p>Nichts verschm\u00e4ht er<\/p><\/blockquote>\n<blockquote><p>Eiserner Vorhang der Erinnerung<\/p>\n<p>Stempelfarbe an den H\u00e4nden<\/p>\n<p>am W\u00fcstengrund im Meeressand<\/p>\n<p>auf Schiffen ohne Hafen<\/p><\/blockquote>\n<p>&nbsp;<\/p>\n<p>&nbsp;<\/p>\n<p><em>IM KRIEG. <\/em>Gedichtzyklus von Susanne Ayoub. In Arbeit.<\/p>\n","protected":false},"excerpt":{"rendered":"<p>&nbsp; Bilderst\u00fcrmer B\u00fccherwurm Moviestar in Cinemascope Fleischverzehrer Beinausl\u00f6ser Leber Niere Milz und Lunge Nichts verschm\u00e4ht er Eiserner Vorhang der Erinnerung Stempelfarbe an den H\u00e4nden am W\u00fcstengrund im Meeressand auf Schiffen ohne Hafen &nbsp; &nbsp; IM KRIEG. Gedichtzyklus von Susanne Ayoub. In Arbeit.<\/p>\n","protected":false},"author":2,"featured_media":0,"parent":0,"menu_order":0,"comment_status":"closed","ping_status":"closed","template":"","meta":{"footnotes":""},"class_list":["post-1978","page","type-page","status-publish","hentry"],"_links":{"self":[{"href":"https:\/\/www.susanneayoub.at\/en\/wp-json\/wp\/v2\/pages\/1978","targetHints":{"allow":["GET"]}}],"collection":[{"href":"https:\/\/www.susanneayoub.at\/en\/wp-json\/wp\/v2\/pages"}],"about":[{"href":"https:\/\/www.susanneayoub.at\/en\/wp-json\/wp\/v2\/types\/page"}],"author":[{"embeddable":true,"href":"https:\/\/www.susanneayoub.at\/en\/wp-json\/wp\/v2\/users\/2"}],"replies":[{"embeddable":true,"href":"https:\/\/www.susanneayoub.at\/en\/wp-json\/wp\/v2\/comments?post=1978"}],"version-history":[{"count":21,"href":"https:\/\/www.susanneayoub.at\/en\/wp-json\/wp\/v2\/pages\/1978\/revisions"}],"predecessor-version":[{"id":3607,"href":"https:\/\/www.susanneayoub.at\/en\/wp-json\/wp\/v2\/pages\/1978\/revisions\/3607"}],"wp:attachment":[{"href":"https:\/\/www.susanneayoub.at\/en\/wp-json\/wp\/v2\/media?parent=1978"}],"curies":[{"name":"wp","href":"https:\/\/api.w.org\/{rel}","templated":true}]}}