{"id":1678,"date":"2018-09-25T11:10:43","date_gmt":"2018-09-25T09:10:43","guid":{"rendered":"http:\/\/www.susanneayoub.at\/?page_id=1678"},"modified":"2018-10-01T16:44:06","modified_gmt":"2018-10-01T14:44:06","slug":"millionen-barrel-oel","status":"publish","type":"page","link":"https:\/\/www.susanneayoub.at\/en\/millionen-barrel-oel\/","title":{"rendered":"Millionen Barrel \u00d6l *"},"content":{"rendered":"<blockquote><p><img loading=\"lazy\" decoding=\"async\" class=\"size-medium wp-image-1684 alignright\" src=\"http:\/\/www.susanneayoub.at\/wp-content\/uploads\/2018\/09\/Baghdad-Denkmal-Krieg-250x174.jpg\" alt=\"\" width=\"250\" height=\"174\" srcset=\"https:\/\/www.susanneayoub.at\/wp-content\/uploads\/2018\/09\/Baghdad-Denkmal-Krieg-250x174.jpg 250w, https:\/\/www.susanneayoub.at\/wp-content\/uploads\/2018\/09\/Baghdad-Denkmal-Krieg-1024x711.jpg 1024w, https:\/\/www.susanneayoub.at\/wp-content\/uploads\/2018\/09\/Baghdad-Denkmal-Krieg-1200x833.jpg 1200w, https:\/\/www.susanneayoub.at\/wp-content\/uploads\/2018\/09\/Baghdad-Denkmal-Krieg.jpg 1746w\" sizes=\"auto, (max-width: 250px) 85vw, 250px\" \/><\/p>\n<p>Mit dem Bus durch Baghdad<\/p>\n<p>\u00fcber den Menschen<\/p>\n<p>den Dingen<\/p>\n<p>Besucher<\/p>\n<p>die das Elend filmen<\/p>\n<p>eine Delegation<\/p>\n<p><img loading=\"lazy\" decoding=\"async\" class=\"size-medium wp-image-1683 alignright\" style=\"clear: both;\" src=\"http:\/\/www.susanneayoub.at\/wp-content\/uploads\/2018\/09\/Baghdad-Cafe-174x250.jpg\" alt=\"\" width=\"174\" height=\"250\" srcset=\"https:\/\/www.susanneayoub.at\/wp-content\/uploads\/2018\/09\/Baghdad-Cafe-174x250.jpg 174w, https:\/\/www.susanneayoub.at\/wp-content\/uploads\/2018\/09\/Baghdad-Cafe-712x1024.jpg 712w, https:\/\/www.susanneayoub.at\/wp-content\/uploads\/2018\/09\/Baghdad-Cafe-1200x1725.jpg 1200w, https:\/\/www.susanneayoub.at\/wp-content\/uploads\/2018\/09\/Baghdad-Cafe.jpg 1206w\" sizes=\"auto, (max-width: 174px) 85vw, 174px\" \/><\/p>\n<p>wohlgen\u00e4hrt und gutgekleidet<\/p>\n<p>mit Transparent<\/p>\n<p>Gesinnung<\/p>\n<p>ein wenig<\/p>\n<p>Courage<\/p>\n<p>erfuhren viel<\/p>\n<p>erreichten nichts<\/p>\n<p>und was sie zu berichten hatten<\/p>\n<p><img loading=\"lazy\" decoding=\"async\" class=\"size-medium wp-image-1682 alignright\" style=\"clear: both;\" src=\"http:\/\/www.susanneayoub.at\/wp-content\/uploads\/2018\/09\/Baghdad-Bub-172x250.jpg\" alt=\"\" width=\"172\" height=\"250\" srcset=\"https:\/\/www.susanneayoub.at\/wp-content\/uploads\/2018\/09\/Baghdad-Bub-172x250.jpg 172w, https:\/\/www.susanneayoub.at\/wp-content\/uploads\/2018\/09\/Baghdad-Bub-706x1024.jpg 706w, https:\/\/www.susanneayoub.at\/wp-content\/uploads\/2018\/09\/Baghdad-Bub.jpg 1192w\" sizes=\"auto, (max-width: 172px) 85vw, 172px\" \/><\/p>\n<p>glaubte man nicht<\/p>\n<p>wohin sie zur\u00fcckkehrten<\/p>\n<p>es passte nicht<\/p>\n<p>die Stimmung stand<\/p>\n<p>auf Krieg<\/p>\n<p>ein Unrecht<\/p>\n<p>sp\u00e4ter wussten es alle<\/p>\n<p>&nbsp;<\/p><\/blockquote>\n<p>* Millionen Barrel \u00d6l: Plakattext einer Demo im Juli 2018 im \u00f6lreichen, bitter armen S\u00fcden des Irak: <em>\u201e2,5 Millionen Barrel t\u00e4glich mal 70 US-Dollar = 0. Sorry, Pythagoras, wir sind in Basra.\u201c<\/em><\/p>\n<p>IM KRIEG. Gedichtzyklus von Susanne Ayoub. In Arbeit.<\/p>\n","protected":false},"excerpt":{"rendered":"<p>Mit dem Bus durch Baghdad \u00fcber den Menschen den Dingen Besucher die das Elend filmen eine Delegation wohlgen\u00e4hrt und gutgekleidet mit Transparent Gesinnung ein wenig Courage erfuhren viel erreichten nichts und was sie zu berichten hatten glaubte man nicht wohin sie zur\u00fcckkehrten es passte nicht die Stimmung stand auf Krieg ein Unrecht sp\u00e4ter wussten es &hellip; <a href=\"https:\/\/www.susanneayoub.at\/en\/millionen-barrel-oel\/\" class=\"more-link\">Continue reading<span class=\"screen-reader-text\"> &#8220;Millionen Barrel \u00d6l *&#8221;<\/span><\/a><\/p>\n","protected":false},"author":2,"featured_media":0,"parent":0,"menu_order":0,"comment_status":"closed","ping_status":"closed","template":"","meta":{"footnotes":""},"class_list":["post-1678","page","type-page","status-publish","hentry"],"_links":{"self":[{"href":"https:\/\/www.susanneayoub.at\/en\/wp-json\/wp\/v2\/pages\/1678","targetHints":{"allow":["GET"]}}],"collection":[{"href":"https:\/\/www.susanneayoub.at\/en\/wp-json\/wp\/v2\/pages"}],"about":[{"href":"https:\/\/www.susanneayoub.at\/en\/wp-json\/wp\/v2\/types\/page"}],"author":[{"embeddable":true,"href":"https:\/\/www.susanneayoub.at\/en\/wp-json\/wp\/v2\/users\/2"}],"replies":[{"embeddable":true,"href":"https:\/\/www.susanneayoub.at\/en\/wp-json\/wp\/v2\/comments?post=1678"}],"version-history":[{"count":15,"href":"https:\/\/www.susanneayoub.at\/en\/wp-json\/wp\/v2\/pages\/1678\/revisions"}],"predecessor-version":[{"id":1701,"href":"https:\/\/www.susanneayoub.at\/en\/wp-json\/wp\/v2\/pages\/1678\/revisions\/1701"}],"wp:attachment":[{"href":"https:\/\/www.susanneayoub.at\/en\/wp-json\/wp\/v2\/media?parent=1678"}],"curies":[{"name":"wp","href":"https:\/\/api.w.org\/{rel}","templated":true}]}}